{"id":974,"date":"2024-12-18T07:04:14","date_gmt":"2024-12-18T06:04:14","guid":{"rendered":"https:\/\/terybery.art\/?page_id=974"},"modified":"2025-11-11T10:34:50","modified_gmt":"2025-11-11T09:34:50","slug":"kontakt","status":"publish","type":"page","link":"https:\/\/terybery.art\/?page_id=974","title":{"rendered":"Kontakt"},"content":{"rendered":"\n<p><strong>Lenka Mi\u010dudov\u00e1<\/strong><br><strong>Komensk\u00e9ho 18<\/strong><br><strong>Chlum\u010dany u Plzn\u011b<\/strong><br><strong>I\u010cO 22526650<\/strong><br><strong>T: +420 604 808 868<\/strong><br><strong>email: teryberyart@seznam.cz<\/strong><br><strong>Instagram: micudovalenka@<\/strong><br><strong>www.TeryBery.art<\/strong><\/p>\n\n\n\n<p><\/p>\n","protected":false},"excerpt":{"rendered":"<p>Lenka Mi\u010dudov\u00e1Komensk\u00e9ho 18Chlum\u010dany u Plzn\u011bI\u010cO 22526650T: +420 604 808 868email: teryberyart@seznam.czInstagram: micudovalenka@www.TeryBery.art<\/p>\n","protected":false},"author":1,"featured_media":0,"parent":0,"menu_order":0,"comment_status":"closed","ping_status":"closed","template":"","meta":{"footnotes":""},"class_list":["post-974","page","type-page","status-publish","hentry","latest_post"],"_links":{"self":[{"href":"https:\/\/terybery.art\/index.php?rest_route=\/wp\/v2\/pages\/974","targetHints":{"allow":["GET"]}}],"collection":[{"href":"https:\/\/terybery.art\/index.php?rest_route=\/wp\/v2\/pages"}],"about":[{"href":"https:\/\/terybery.art\/index.php?rest_route=\/wp\/v2\/types\/page"}],"author":[{"embeddable":true,"href":"https:\/\/terybery.art\/index.php?rest_route=\/wp\/v2\/users\/1"}],"replies":[{"embeddable":true,"href":"https:\/\/terybery.art\/index.php?rest_route=%2Fwp%2Fv2%2Fcomments&post=974"}],"version-history":[{"count":13,"href":"https:\/\/terybery.art\/index.php?rest_route=\/wp\/v2\/pages\/974\/revisions"}],"predecessor-version":[{"id":2253,"href":"https:\/\/terybery.art\/index.php?rest_route=\/wp\/v2\/pages\/974\/revisions\/2253"}],"wp:attachment":[{"href":"https:\/\/terybery.art\/index.php?rest_route=%2Fwp%2Fv2%2Fmedia&parent=974"}],"curies":[{"name":"wp","href":"https:\/\/api.w.org\/{rel}","templated":true}]}}