{"id":1044,"date":"2024-12-28T10:15:48","date_gmt":"2024-12-28T09:15:48","guid":{"rendered":"https:\/\/terybery.art\/?post_type=product&#038;p=1044"},"modified":"2025-11-09T08:58:37","modified_gmt":"2025-11-09T07:58:37","slug":"lesni-2-2","status":"publish","type":"product","link":"https:\/\/terybery.art\/?product=lesni-2-2","title":{"rendered":"Lesn\u00ed"},"content":{"rendered":"<p>Dekorace s lesn\u00edm motivem, s led sv\u011bt\u00e9lky nebo bez, z\u00e1le\u017e\u00ed na v\u00e1s. Rozm\u011br 15&#215;15 cm. V\u0161e 100 % p\u0159\u00edrodn\u00ed, zalit\u00e9 k\u0159i\u0161\u0165\u00e1lovou prysky\u0159ic\u00ed. Mohu dodat s led sv\u011bt\u00fdlky, za p\u0159\u00edplatek\u00a0 30 K\u010d,<\/p>\n","protected":false},"excerpt":{"rendered":"<p>Dekorace s lesn\u00edm motivem, s led sv\u011bt\u00e9lky nebo bez, z\u00e1le\u017e\u00ed na v\u00e1s. Rozm\u011br 15&#215;15 cm. &hellip; <\/p>\n","protected":false},"featured_media":1045,"template":"","meta":[],"product_brand":[],"product_cat":[21],"product_tag":[],"class_list":{"0":"post-1044","1":"product","2":"type-product","3":"status-publish","4":"has-post-thumbnail","6":"product_cat-dekorace","7":"latest_post","9":"first","10":"instock","11":"sale","12":"shipping-taxable","13":"purchasable","14":"product-type-simple"},"_links":{"self":[{"href":"https:\/\/terybery.art\/index.php?rest_route=\/wp\/v2\/product\/1044","targetHints":{"allow":["GET"]}}],"collection":[{"href":"https:\/\/terybery.art\/index.php?rest_route=\/wp\/v2\/product"}],"about":[{"href":"https:\/\/terybery.art\/index.php?rest_route=\/wp\/v2\/types\/product"}],"wp:featuredmedia":[{"embeddable":true,"href":"https:\/\/terybery.art\/index.php?rest_route=\/wp\/v2\/media\/1045"}],"wp:attachment":[{"href":"https:\/\/terybery.art\/index.php?rest_route=%2Fwp%2Fv2%2Fmedia&parent=1044"}],"wp:term":[{"taxonomy":"product_brand","embeddable":true,"href":"https:\/\/terybery.art\/index.php?rest_route=%2Fwp%2Fv2%2Fproduct_brand&post=1044"},{"taxonomy":"product_cat","embeddable":true,"href":"https:\/\/terybery.art\/index.php?rest_route=%2Fwp%2Fv2%2Fproduct_cat&post=1044"},{"taxonomy":"product_tag","embeddable":true,"href":"https:\/\/terybery.art\/index.php?rest_route=%2Fwp%2Fv2%2Fproduct_tag&post=1044"}],"curies":[{"name":"wp","href":"https:\/\/api.w.org\/{rel}","templated":true}]}}