{"id":1140,"date":"2025-01-18T08:59:47","date_gmt":"2025-01-18T07:59:47","guid":{"rendered":"https:\/\/terybery.art\/?post_type=product&#038;p=1140"},"modified":"2025-02-13T09:35:36","modified_gmt":"2025-02-13T08:35:36","slug":"comanthera","status":"publish","type":"product","link":"https:\/\/terybery.art\/?product=comanthera","title":{"rendered":"Comanthera"},"content":{"rendered":"<p>N\u00e1u\u0161nice z k\u0159i\u0161\u0165\u00e1lov\u00e9 prysky\u0159ice obsahuj\u00edc\u00ed mali\u010dk\u00e9 kv\u00edtky Comanthery (kv\u011btina poch\u00e1zej\u00edc\u00ed z tropick\u00e9 Ji\u017en\u00ed Ameriky). Ov\u00e1lky 2 cm.<\/p>\n","protected":false},"excerpt":{"rendered":"<p>N\u00e1u\u0161nice z k\u0159i\u0161\u0165\u00e1lov\u00e9 prysky\u0159ice obsahuj\u00edc\u00ed mali\u010dk\u00e9 kv\u00edtky Comanthery (kv\u011btina poch\u00e1zej\u00edc\u00ed z tropick\u00e9 Ji\u017en\u00ed Ameriky). Ov\u00e1lky &hellip; <\/p>\n","protected":false},"featured_media":1137,"template":"","meta":[],"product_brand":[],"product_cat":[24],"product_tag":[],"class_list":{"0":"post-1140","1":"product","2":"type-product","3":"status-publish","4":"has-post-thumbnail","6":"product_cat-nausnice","7":"latest_post","9":"first","10":"instock","11":"shipping-taxable","12":"purchasable","13":"product-type-simple"},"_links":{"self":[{"href":"https:\/\/terybery.art\/index.php?rest_route=\/wp\/v2\/product\/1140","targetHints":{"allow":["GET"]}}],"collection":[{"href":"https:\/\/terybery.art\/index.php?rest_route=\/wp\/v2\/product"}],"about":[{"href":"https:\/\/terybery.art\/index.php?rest_route=\/wp\/v2\/types\/product"}],"wp:featuredmedia":[{"embeddable":true,"href":"https:\/\/terybery.art\/index.php?rest_route=\/wp\/v2\/media\/1137"}],"wp:attachment":[{"href":"https:\/\/terybery.art\/index.php?rest_route=%2Fwp%2Fv2%2Fmedia&parent=1140"}],"wp:term":[{"taxonomy":"product_brand","embeddable":true,"href":"https:\/\/terybery.art\/index.php?rest_route=%2Fwp%2Fv2%2Fproduct_brand&post=1140"},{"taxonomy":"product_cat","embeddable":true,"href":"https:\/\/terybery.art\/index.php?rest_route=%2Fwp%2Fv2%2Fproduct_cat&post=1140"},{"taxonomy":"product_tag","embeddable":true,"href":"https:\/\/terybery.art\/index.php?rest_route=%2Fwp%2Fv2%2Fproduct_tag&post=1140"}],"curies":[{"name":"wp","href":"https:\/\/api.w.org\/{rel}","templated":true}]}}