{"id":1476,"date":"2025-03-25T17:34:57","date_gmt":"2025-03-25T16:34:57","guid":{"rendered":"https:\/\/terybery.art\/?post_type=product&#038;p=1476"},"modified":"2025-11-09T09:48:02","modified_gmt":"2025-11-09T08:48:02","slug":"lisejnik-3-barvy","status":"publish","type":"product","link":"https:\/\/terybery.art\/?product=lisejnik-3-barvy","title":{"rendered":"Li\u0161ejn\u00edk 3 barvy"},"content":{"rendered":"<p>Obr\u00e1zek ve velikosti 20&#215;33 cm, ve sv\u011btl\u00e9m d\u0159ev\u011bn\u00e9m r\u00e1mu, tvorba obrazu ze 3 druh\u016f stabilizovan\u00e9ho Islandsk\u00e9ho li\u0161ejn\u00edku, v\u011btvi\u010dka bambusu a kamenn\u00e1 cesti\u010dka. Zvolte si \u00fatuln\u011bj\u0161\u00ed st\u011bnu nebo postavte na stole\u010dek, prost\u011b si ur\u010dit\u011b ud\u011bl\u00e1te nev\u0161edn\u00ed m\u00edste\u010dko nebo n\u011bhoho obdarujte.<\/p>\n<p>&nbsp;<\/p>\n","protected":false},"excerpt":{"rendered":"<p>Obr\u00e1zek ve velikosti 20&#215;33 cm, ve sv\u011btl\u00e9m d\u0159ev\u011bn\u00e9m r\u00e1mu, tvorba obrazu ze 3 druh\u016f stabilizovan\u00e9ho &hellip; <\/p>\n","protected":false},"featured_media":1477,"template":"","meta":[],"product_brand":[],"product_cat":[25],"product_tag":[],"class_list":{"0":"post-1476","1":"product","2":"type-product","3":"status-publish","4":"has-post-thumbnail","6":"product_cat-mechove-obrazky","7":"latest_post","9":"first","10":"instock","11":"sale","12":"shipping-taxable","13":"purchasable","14":"product-type-simple"},"_links":{"self":[{"href":"https:\/\/terybery.art\/index.php?rest_route=\/wp\/v2\/product\/1476","targetHints":{"allow":["GET"]}}],"collection":[{"href":"https:\/\/terybery.art\/index.php?rest_route=\/wp\/v2\/product"}],"about":[{"href":"https:\/\/terybery.art\/index.php?rest_route=\/wp\/v2\/types\/product"}],"wp:featuredmedia":[{"embeddable":true,"href":"https:\/\/terybery.art\/index.php?rest_route=\/wp\/v2\/media\/1477"}],"wp:attachment":[{"href":"https:\/\/terybery.art\/index.php?rest_route=%2Fwp%2Fv2%2Fmedia&parent=1476"}],"wp:term":[{"taxonomy":"product_brand","embeddable":true,"href":"https:\/\/terybery.art\/index.php?rest_route=%2Fwp%2Fv2%2Fproduct_brand&post=1476"},{"taxonomy":"product_cat","embeddable":true,"href":"https:\/\/terybery.art\/index.php?rest_route=%2Fwp%2Fv2%2Fproduct_cat&post=1476"},{"taxonomy":"product_tag","embeddable":true,"href":"https:\/\/terybery.art\/index.php?rest_route=%2Fwp%2Fv2%2Fproduct_tag&post=1476"}],"curies":[{"name":"wp","href":"https:\/\/api.w.org\/{rel}","templated":true}]}}