{"id":1481,"date":"2025-03-25T17:53:25","date_gmt":"2025-03-25T16:53:25","guid":{"rendered":"https:\/\/terybery.art\/?post_type=product&#038;p=1481"},"modified":"2025-11-09T09:45:50","modified_gmt":"2025-11-09T08:45:50","slug":"snek","status":"publish","type":"product","link":"https:\/\/terybery.art\/?product=snek","title":{"rendered":"Obr\u00e1zek z mechu"},"content":{"rendered":"<p>Mechov\u00fd obr\u00e1zek v d\u0159ev\u011bn\u00e9m r\u00e1me\u010dku o velikosti 20&#215;25 cm, 2 druhy mechu neboli Islandsk\u00fd li\u0161ejn\u00edk,\u00a0 vlo\u017een\u00e1 v\u011btvi\u010dka zelen\u00e9 Statice tatariky, av\u0161ak na oko dominuje \u0161ne\u010d\u00ed ulita. Nerosit, nezal\u00e9vat.<\/p>\n","protected":false},"excerpt":{"rendered":"<p>Mechov\u00fd obr\u00e1zek v d\u0159ev\u011bn\u00e9m r\u00e1me\u010dku o velikosti 20&#215;25 cm, 2 druhy mechu neboli Islandsk\u00fd li\u0161ejn\u00edk,\u00a0 &hellip; <\/p>\n","protected":false},"featured_media":1479,"template":"","meta":[],"product_brand":[],"product_cat":[25],"product_tag":[],"class_list":{"0":"post-1481","1":"product","2":"type-product","3":"status-publish","4":"has-post-thumbnail","6":"product_cat-mechove-obrazky","7":"latest_post","9":"first","10":"instock","11":"sale","12":"shipping-taxable","13":"purchasable","14":"product-type-simple"},"_links":{"self":[{"href":"https:\/\/terybery.art\/index.php?rest_route=\/wp\/v2\/product\/1481","targetHints":{"allow":["GET"]}}],"collection":[{"href":"https:\/\/terybery.art\/index.php?rest_route=\/wp\/v2\/product"}],"about":[{"href":"https:\/\/terybery.art\/index.php?rest_route=\/wp\/v2\/types\/product"}],"wp:featuredmedia":[{"embeddable":true,"href":"https:\/\/terybery.art\/index.php?rest_route=\/wp\/v2\/media\/1479"}],"wp:attachment":[{"href":"https:\/\/terybery.art\/index.php?rest_route=%2Fwp%2Fv2%2Fmedia&parent=1481"}],"wp:term":[{"taxonomy":"product_brand","embeddable":true,"href":"https:\/\/terybery.art\/index.php?rest_route=%2Fwp%2Fv2%2Fproduct_brand&post=1481"},{"taxonomy":"product_cat","embeddable":true,"href":"https:\/\/terybery.art\/index.php?rest_route=%2Fwp%2Fv2%2Fproduct_cat&post=1481"},{"taxonomy":"product_tag","embeddable":true,"href":"https:\/\/terybery.art\/index.php?rest_route=%2Fwp%2Fv2%2Fproduct_tag&post=1481"}],"curies":[{"name":"wp","href":"https:\/\/api.w.org\/{rel}","templated":true}]}}