{"id":1542,"date":"2025-04-26T19:03:57","date_gmt":"2025-04-26T17:03:57","guid":{"rendered":"https:\/\/terybery.art\/?post_type=product&#038;p=1542"},"modified":"2025-04-26T19:03:57","modified_gmt":"2025-04-26T17:03:57","slug":"parizska-kopretina","status":"publish","type":"product","link":"https:\/\/terybery.art\/?product=parizska-kopretina","title":{"rendered":"Pa\u0159\u00ed\u017esk\u00e1 kopretina"},"content":{"rendered":"<p>B\u00edl\u00e9 kv\u00edtky v ov\u00e1lu z k\u0159i\u0161\u0165\u00e1lov\u00e9 prysky\u0159ice, tvar podobn\u00fd krystalu, vel. 4&#215;3 cm. N\u00e1hrdeln\u00edk st\u0159\u00edbrn\u00fd \u0159et\u00edzek v d\u00e9lce 45 cm.<\/p>\n","protected":false},"excerpt":{"rendered":"<p>B\u00edl\u00e9 kv\u00edtky v ov\u00e1lu z k\u0159i\u0161\u0165\u00e1lov\u00e9 prysky\u0159ice, tvar podobn\u00fd krystalu, vel. 4&#215;3 cm. N\u00e1hrdeln\u00edk st\u0159\u00edbrn\u00fd &hellip; <\/p>\n","protected":false},"featured_media":1543,"template":"","meta":[],"product_brand":[],"product_cat":[23],"product_tag":[],"class_list":{"0":"post-1542","1":"product","2":"type-product","3":"status-publish","4":"has-post-thumbnail","6":"product_cat-nahrdelniky","7":"latest_post","9":"first","10":"instock","11":"shipping-taxable","12":"purchasable","13":"product-type-simple"},"_links":{"self":[{"href":"https:\/\/terybery.art\/index.php?rest_route=\/wp\/v2\/product\/1542","targetHints":{"allow":["GET"]}}],"collection":[{"href":"https:\/\/terybery.art\/index.php?rest_route=\/wp\/v2\/product"}],"about":[{"href":"https:\/\/terybery.art\/index.php?rest_route=\/wp\/v2\/types\/product"}],"wp:featuredmedia":[{"embeddable":true,"href":"https:\/\/terybery.art\/index.php?rest_route=\/wp\/v2\/media\/1543"}],"wp:attachment":[{"href":"https:\/\/terybery.art\/index.php?rest_route=%2Fwp%2Fv2%2Fmedia&parent=1542"}],"wp:term":[{"taxonomy":"product_brand","embeddable":true,"href":"https:\/\/terybery.art\/index.php?rest_route=%2Fwp%2Fv2%2Fproduct_brand&post=1542"},{"taxonomy":"product_cat","embeddable":true,"href":"https:\/\/terybery.art\/index.php?rest_route=%2Fwp%2Fv2%2Fproduct_cat&post=1542"},{"taxonomy":"product_tag","embeddable":true,"href":"https:\/\/terybery.art\/index.php?rest_route=%2Fwp%2Fv2%2Fproduct_tag&post=1542"}],"curies":[{"name":"wp","href":"https:\/\/api.w.org\/{rel}","templated":true}]}}