{"id":1608,"date":"2025-05-25T17:53:26","date_gmt":"2025-05-25T15:53:26","guid":{"rendered":"https:\/\/terybery.art\/?post_type=product&#038;p=1608"},"modified":"2025-11-09T08:51:16","modified_gmt":"2025-11-09T07:51:16","slug":"kvadr","status":"publish","type":"product","link":"https:\/\/terybery.art\/?product=kvadr","title":{"rendered":"Kv\u00e1dr"},"content":{"rendered":"<p>Kv\u00e1dr 15&#215;15 cm, obsahuje \u017eiv\u00e9 b\u011blen\u00e9 rostliny, podklad fialov\u00e1 barva. Kv\u00e1dr je z prysky\u0159ice.<\/p>\n","protected":false},"excerpt":{"rendered":"<p>Kv\u00e1dr 15&#215;15 cm, obsahuje \u017eiv\u00e9 b\u011blen\u00e9 rostliny, podklad fialov\u00e1 barva. Kv\u00e1dr je z prysky\u0159ice.<\/p>\n","protected":false},"featured_media":1609,"template":"","meta":[],"product_brand":[],"product_cat":[21],"product_tag":[],"class_list":{"0":"post-1608","1":"product","2":"type-product","3":"status-publish","4":"has-post-thumbnail","6":"product_cat-dekorace","7":"latest_post","9":"first","10":"instock","11":"sale","12":"shipping-taxable","13":"purchasable","14":"product-type-simple"},"_links":{"self":[{"href":"https:\/\/terybery.art\/index.php?rest_route=\/wp\/v2\/product\/1608","targetHints":{"allow":["GET"]}}],"collection":[{"href":"https:\/\/terybery.art\/index.php?rest_route=\/wp\/v2\/product"}],"about":[{"href":"https:\/\/terybery.art\/index.php?rest_route=\/wp\/v2\/types\/product"}],"wp:featuredmedia":[{"embeddable":true,"href":"https:\/\/terybery.art\/index.php?rest_route=\/wp\/v2\/media\/1609"}],"wp:attachment":[{"href":"https:\/\/terybery.art\/index.php?rest_route=%2Fwp%2Fv2%2Fmedia&parent=1608"}],"wp:term":[{"taxonomy":"product_brand","embeddable":true,"href":"https:\/\/terybery.art\/index.php?rest_route=%2Fwp%2Fv2%2Fproduct_brand&post=1608"},{"taxonomy":"product_cat","embeddable":true,"href":"https:\/\/terybery.art\/index.php?rest_route=%2Fwp%2Fv2%2Fproduct_cat&post=1608"},{"taxonomy":"product_tag","embeddable":true,"href":"https:\/\/terybery.art\/index.php?rest_route=%2Fwp%2Fv2%2Fproduct_tag&post=1608"}],"curies":[{"name":"wp","href":"https:\/\/api.w.org\/{rel}","templated":true}]}}