{"id":174,"date":"2024-10-17T04:57:21","date_gmt":"2024-10-17T02:57:21","guid":{"rendered":"https:\/\/terybery.art\/?post_type=product&#038;p=174"},"modified":"2024-10-20T08:15:00","modified_gmt":"2024-10-20T06:15:00","slug":"kristal","status":"publish","type":"product","link":"https:\/\/terybery.art\/?product=kristal","title":{"rendered":"Krystal"},"content":{"rendered":"<p>N\u00e1hrdeln\u00edk z k\u0159i\u0161\u0165\u00e1lov\u00e9 prysky\u0159ice, okv\u011btn\u00ed modr\u00e9 pl\u00e1tky Hadince obecn\u00e9ho. Vis\u00edc\u00ed na voskovan\u00e9 \u0161n\u016frce.<\/p>\n","protected":false},"excerpt":{"rendered":"<p>N\u00e1hrdeln\u00edk z k\u0159i\u0161\u0165\u00e1lov\u00e9 prysky\u0159ice, okv\u011btn\u00ed modr\u00e9 pl\u00e1tky Hadince obecn\u00e9ho. Vis\u00edc\u00ed na voskovan\u00e9 \u0161n\u016frce.<\/p>\n","protected":false},"featured_media":95,"template":"","meta":[],"product_brand":[],"product_cat":[23],"product_tag":[],"class_list":{"0":"post-174","1":"product","2":"type-product","3":"status-publish","4":"has-post-thumbnail","6":"product_cat-nahrdelniky","7":"latest_post","9":"first","10":"instock","11":"shipping-taxable","12":"purchasable","13":"product-type-simple"},"_links":{"self":[{"href":"https:\/\/terybery.art\/index.php?rest_route=\/wp\/v2\/product\/174","targetHints":{"allow":["GET"]}}],"collection":[{"href":"https:\/\/terybery.art\/index.php?rest_route=\/wp\/v2\/product"}],"about":[{"href":"https:\/\/terybery.art\/index.php?rest_route=\/wp\/v2\/types\/product"}],"wp:featuredmedia":[{"embeddable":true,"href":"https:\/\/terybery.art\/index.php?rest_route=\/wp\/v2\/media\/95"}],"wp:attachment":[{"href":"https:\/\/terybery.art\/index.php?rest_route=%2Fwp%2Fv2%2Fmedia&parent=174"}],"wp:term":[{"taxonomy":"product_brand","embeddable":true,"href":"https:\/\/terybery.art\/index.php?rest_route=%2Fwp%2Fv2%2Fproduct_brand&post=174"},{"taxonomy":"product_cat","embeddable":true,"href":"https:\/\/terybery.art\/index.php?rest_route=%2Fwp%2Fv2%2Fproduct_cat&post=174"},{"taxonomy":"product_tag","embeddable":true,"href":"https:\/\/terybery.art\/index.php?rest_route=%2Fwp%2Fv2%2Fproduct_tag&post=174"}],"curies":[{"name":"wp","href":"https:\/\/api.w.org\/{rel}","templated":true}]}}