{"id":1880,"date":"2025-08-19T17:19:21","date_gmt":"2025-08-19T15:19:21","guid":{"rendered":"https:\/\/terybery.art\/?post_type=product&#038;p=1880"},"modified":"2025-11-09T09:40:48","modified_gmt":"2025-11-09T08:40:48","slug":"stredni-mechac","status":"publish","type":"product","link":"https:\/\/terybery.art\/?product=stredni-mechac","title":{"rendered":"St\u0159edn\u00ed mech\u00e1\u010d"},"content":{"rendered":"<p>Obraz z norsk\u00e9ho sob\u00edho mechu, rozm\u011br 34&#215;43 cm. Extravagantn\u00ed dekorace interi\u00e9ru. Bez\u00fadr\u017ebov\u00fd obraz, proti prachu pom\u016f\u017ee pouze vyf\u00e9novat. P\u0159i spr\u00e1vn\u00e9m zach\u00e1zen\u00ed vydr\u017e\u00ed v\u00e1\u0161 mechov\u00fd obraz ve stejn\u00e9m vzhledu\u00a0<b>minim\u00e1ln\u011b 10 let<\/b>. Jedin\u00fdm z\u00e1sahem do mechov\u00e9ho obrazu, kter\u00fd je pot\u0159eba ob\u010das prov\u00e9st, je odstran\u011bn\u00ed prachu. Stabilizovan\u00fd mech m\u00e1 mimo jin\u00e9 schopnost odpuzovat prach, tak\u017ee tento \u00fakon je nutn\u00fd jen velmi z\u0159\u00eddka &#8211; jednou za n\u011bkolik m\u011bs\u00edc\u016f.<\/p>\n","protected":false},"excerpt":{"rendered":"<p>Obraz z norsk\u00e9ho sob\u00edho mechu, rozm\u011br 34&#215;43 cm. Extravagantn\u00ed dekorace interi\u00e9ru. Bez\u00fadr\u017ebov\u00fd obraz, proti prachu &hellip; <\/p>\n","protected":false},"featured_media":1881,"template":"","meta":[],"product_brand":[],"product_cat":[25],"product_tag":[],"class_list":{"0":"post-1880","1":"product","2":"type-product","3":"status-publish","4":"has-post-thumbnail","6":"product_cat-mechove-obrazky","7":"latest_post","9":"first","10":"instock","11":"sale","12":"shipping-taxable","13":"purchasable","14":"product-type-simple"},"_links":{"self":[{"href":"https:\/\/terybery.art\/index.php?rest_route=\/wp\/v2\/product\/1880","targetHints":{"allow":["GET"]}}],"collection":[{"href":"https:\/\/terybery.art\/index.php?rest_route=\/wp\/v2\/product"}],"about":[{"href":"https:\/\/terybery.art\/index.php?rest_route=\/wp\/v2\/types\/product"}],"wp:featuredmedia":[{"embeddable":true,"href":"https:\/\/terybery.art\/index.php?rest_route=\/wp\/v2\/media\/1881"}],"wp:attachment":[{"href":"https:\/\/terybery.art\/index.php?rest_route=%2Fwp%2Fv2%2Fmedia&parent=1880"}],"wp:term":[{"taxonomy":"product_brand","embeddable":true,"href":"https:\/\/terybery.art\/index.php?rest_route=%2Fwp%2Fv2%2Fproduct_brand&post=1880"},{"taxonomy":"product_cat","embeddable":true,"href":"https:\/\/terybery.art\/index.php?rest_route=%2Fwp%2Fv2%2Fproduct_cat&post=1880"},{"taxonomy":"product_tag","embeddable":true,"href":"https:\/\/terybery.art\/index.php?rest_route=%2Fwp%2Fv2%2Fproduct_tag&post=1880"}],"curies":[{"name":"wp","href":"https:\/\/api.w.org\/{rel}","templated":true}]}}