{"id":1974,"date":"2025-08-30T18:05:22","date_gmt":"2025-08-30T16:05:22","guid":{"rendered":"https:\/\/terybery.art\/?post_type=product&#038;p=1974"},"modified":"2026-02-15T17:28:48","modified_gmt":"2026-02-15T16:28:48","slug":"comanthera-ruzova","status":"publish","type":"product","link":"https:\/\/terybery.art\/?product=comanthera-ruzova","title":{"rendered":"Comanthera r\u016f\u017eov\u00e1"},"content":{"rendered":"<p>M\u00e1lo zn\u00e1m\u00e1 Comanthera, minikv\u00edtky. Rozm\u011br 2&#215;2,5 cm.<\/p>\n","protected":false},"excerpt":{"rendered":"<p>M\u00e1lo zn\u00e1m\u00e1 Comanthera, minikv\u00edtky. Rozm\u011br 2&#215;2,5 cm.<\/p>\n","protected":false},"featured_media":1975,"template":"","meta":[],"product_brand":[],"product_cat":[24],"product_tag":[],"class_list":{"0":"post-1974","1":"product","2":"type-product","3":"status-publish","4":"has-post-thumbnail","6":"product_cat-nausnice","7":"latest_post","9":"first","10":"instock","11":"shipping-taxable","12":"purchasable","13":"product-type-simple"},"_links":{"self":[{"href":"https:\/\/terybery.art\/index.php?rest_route=\/wp\/v2\/product\/1974","targetHints":{"allow":["GET"]}}],"collection":[{"href":"https:\/\/terybery.art\/index.php?rest_route=\/wp\/v2\/product"}],"about":[{"href":"https:\/\/terybery.art\/index.php?rest_route=\/wp\/v2\/types\/product"}],"wp:featuredmedia":[{"embeddable":true,"href":"https:\/\/terybery.art\/index.php?rest_route=\/wp\/v2\/media\/1975"}],"wp:attachment":[{"href":"https:\/\/terybery.art\/index.php?rest_route=%2Fwp%2Fv2%2Fmedia&parent=1974"}],"wp:term":[{"taxonomy":"product_brand","embeddable":true,"href":"https:\/\/terybery.art\/index.php?rest_route=%2Fwp%2Fv2%2Fproduct_brand&post=1974"},{"taxonomy":"product_cat","embeddable":true,"href":"https:\/\/terybery.art\/index.php?rest_route=%2Fwp%2Fv2%2Fproduct_cat&post=1974"},{"taxonomy":"product_tag","embeddable":true,"href":"https:\/\/terybery.art\/index.php?rest_route=%2Fwp%2Fv2%2Fproduct_tag&post=1974"}],"curies":[{"name":"wp","href":"https:\/\/api.w.org\/{rel}","templated":true}]}}