{"id":2220,"date":"2025-11-01T17:30:55","date_gmt":"2025-11-01T16:30:55","guid":{"rendered":"https:\/\/terybery.art\/?post_type=product&#038;p=2220"},"modified":"2026-02-14T09:16:49","modified_gmt":"2026-02-14T08:16:49","slug":"hvezdicka","status":"publish","type":"product","link":"https:\/\/terybery.art\/?product=hvezdicka","title":{"rendered":"Hv\u011bzdi\u010dka"},"content":{"rendered":"<p>And\u011bl\u00ed\u010dek nesouc\u00ed hv\u011bzdu, dlouh\u00fd 9 cm. V\u00fdborn\u00fd d\u00e1re\u010dek.<\/p>\n","protected":false},"excerpt":{"rendered":"<p>And\u011bl\u00ed\u010dek nesouc\u00ed hv\u011bzdu, dlouh\u00fd 9 cm. V\u00fdborn\u00fd d\u00e1re\u010dek.<\/p>\n","protected":false},"featured_media":2221,"template":"","meta":[],"product_brand":[],"product_cat":[34],"product_tag":[],"class_list":{"0":"post-2220","1":"product","2":"type-product","3":"status-publish","4":"has-post-thumbnail","6":"product_cat-andele","7":"latest_post","9":"first","10":"instock","11":"shipping-taxable","12":"purchasable","13":"product-type-simple"},"_links":{"self":[{"href":"https:\/\/terybery.art\/index.php?rest_route=\/wp\/v2\/product\/2220","targetHints":{"allow":["GET"]}}],"collection":[{"href":"https:\/\/terybery.art\/index.php?rest_route=\/wp\/v2\/product"}],"about":[{"href":"https:\/\/terybery.art\/index.php?rest_route=\/wp\/v2\/types\/product"}],"wp:featuredmedia":[{"embeddable":true,"href":"https:\/\/terybery.art\/index.php?rest_route=\/wp\/v2\/media\/2221"}],"wp:attachment":[{"href":"https:\/\/terybery.art\/index.php?rest_route=%2Fwp%2Fv2%2Fmedia&parent=2220"}],"wp:term":[{"taxonomy":"product_brand","embeddable":true,"href":"https:\/\/terybery.art\/index.php?rest_route=%2Fwp%2Fv2%2Fproduct_brand&post=2220"},{"taxonomy":"product_cat","embeddable":true,"href":"https:\/\/terybery.art\/index.php?rest_route=%2Fwp%2Fv2%2Fproduct_cat&post=2220"},{"taxonomy":"product_tag","embeddable":true,"href":"https:\/\/terybery.art\/index.php?rest_route=%2Fwp%2Fv2%2Fproduct_tag&post=2220"}],"curies":[{"name":"wp","href":"https:\/\/api.w.org\/{rel}","templated":true}]}}