{"id":2399,"date":"2026-04-11T15:14:58","date_gmt":"2026-04-11T13:14:58","guid":{"rendered":"https:\/\/terybery.art\/?post_type=product&#038;p=2399"},"modified":"2026-04-11T15:16:14","modified_gmt":"2026-04-11T13:16:14","slug":"compindi-myosotis","status":"publish","type":"product","link":"https:\/\/terybery.art\/?product=compindi-myosotis","title":{"rendered":"Compindi myosotis"},"content":{"rendered":"<p>Pomn\u011bnka lesn\u00ed. Sb\u00edran\u00e9 kv\u00edtky po kv\u00edtku, lisovan\u00e9, vkl\u00e1d\u00e1n\u00ed do formi\u010dky pinzetou.<\/p>\n","protected":false},"excerpt":{"rendered":"<p>Pomn\u011bnka lesn\u00ed. Sb\u00edran\u00e9 kv\u00edtky po kv\u00edtku, lisovan\u00e9, vkl\u00e1d\u00e1n\u00ed do formi\u010dky pinzetou.<\/p>\n","protected":false},"featured_media":2400,"template":"","meta":[],"product_brand":[],"product_cat":[23],"product_tag":[],"class_list":{"0":"post-2399","1":"product","2":"type-product","3":"status-publish","4":"has-post-thumbnail","6":"product_cat-nahrdelniky","7":"latest_post","9":"first","10":"instock","11":"shipping-taxable","12":"purchasable","13":"product-type-simple"},"_links":{"self":[{"href":"https:\/\/terybery.art\/index.php?rest_route=\/wp\/v2\/product\/2399","targetHints":{"allow":["GET"]}}],"collection":[{"href":"https:\/\/terybery.art\/index.php?rest_route=\/wp\/v2\/product"}],"about":[{"href":"https:\/\/terybery.art\/index.php?rest_route=\/wp\/v2\/types\/product"}],"wp:featuredmedia":[{"embeddable":true,"href":"https:\/\/terybery.art\/index.php?rest_route=\/wp\/v2\/media\/2400"}],"wp:attachment":[{"href":"https:\/\/terybery.art\/index.php?rest_route=%2Fwp%2Fv2%2Fmedia&parent=2399"}],"wp:term":[{"taxonomy":"product_brand","embeddable":true,"href":"https:\/\/terybery.art\/index.php?rest_route=%2Fwp%2Fv2%2Fproduct_brand&post=2399"},{"taxonomy":"product_cat","embeddable":true,"href":"https:\/\/terybery.art\/index.php?rest_route=%2Fwp%2Fv2%2Fproduct_cat&post=2399"},{"taxonomy":"product_tag","embeddable":true,"href":"https:\/\/terybery.art\/index.php?rest_route=%2Fwp%2Fv2%2Fproduct_tag&post=2399"}],"curies":[{"name":"wp","href":"https:\/\/api.w.org\/{rel}","templated":true}]}}