{"id":2401,"date":"2026-04-11T15:29:25","date_gmt":"2026-04-11T13:29:25","guid":{"rendered":"https:\/\/terybery.art\/?post_type=product&#038;p=2401"},"modified":"2026-04-11T15:29:25","modified_gmt":"2026-04-11T13:29:25","slug":"kvet-delphinia","status":"publish","type":"product","link":"https:\/\/terybery.art\/?product=kvet-delphinia","title":{"rendered":"Kv\u011bt delphinia"},"content":{"rendered":"<p>Delphinium je vysok\u00e1 kv\u011btina o v\u011bt\u0161\u00edch kv\u00edtk\u016f s bohat\u00fdmi barvami.<\/p>\n<p>2let\u00e1 kv\u011btina. 2&#215;2,5 cm.<\/p>\n","protected":false},"excerpt":{"rendered":"<p>Delphinium je vysok\u00e1 kv\u011btina o v\u011bt\u0161\u00edch kv\u00edtk\u016f s bohat\u00fdmi barvami. 2let\u00e1 kv\u011btina. 2&#215;2,5 cm.<\/p>\n","protected":false},"featured_media":2402,"template":"","meta":[],"product_brand":[],"product_cat":[23],"product_tag":[],"class_list":{"0":"post-2401","1":"product","2":"type-product","3":"status-publish","4":"has-post-thumbnail","6":"product_cat-nahrdelniky","7":"latest_post","9":"first","10":"instock","11":"shipping-taxable","12":"purchasable","13":"product-type-simple"},"_links":{"self":[{"href":"https:\/\/terybery.art\/index.php?rest_route=\/wp\/v2\/product\/2401","targetHints":{"allow":["GET"]}}],"collection":[{"href":"https:\/\/terybery.art\/index.php?rest_route=\/wp\/v2\/product"}],"about":[{"href":"https:\/\/terybery.art\/index.php?rest_route=\/wp\/v2\/types\/product"}],"wp:featuredmedia":[{"embeddable":true,"href":"https:\/\/terybery.art\/index.php?rest_route=\/wp\/v2\/media\/2402"}],"wp:attachment":[{"href":"https:\/\/terybery.art\/index.php?rest_route=%2Fwp%2Fv2%2Fmedia&parent=2401"}],"wp:term":[{"taxonomy":"product_brand","embeddable":true,"href":"https:\/\/terybery.art\/index.php?rest_route=%2Fwp%2Fv2%2Fproduct_brand&post=2401"},{"taxonomy":"product_cat","embeddable":true,"href":"https:\/\/terybery.art\/index.php?rest_route=%2Fwp%2Fv2%2Fproduct_cat&post=2401"},{"taxonomy":"product_tag","embeddable":true,"href":"https:\/\/terybery.art\/index.php?rest_route=%2Fwp%2Fv2%2Fproduct_tag&post=2401"}],"curies":[{"name":"wp","href":"https:\/\/api.w.org\/{rel}","templated":true}]}}