{"id":366,"date":"2024-11-08T08:01:29","date_gmt":"2024-11-08T07:01:29","guid":{"rendered":"https:\/\/terybery.art\/?post_type=product&#038;p=366"},"modified":"2025-03-06T11:24:17","modified_gmt":"2025-03-06T10:24:17","slug":"zlutasek","status":"publish","type":"product","link":"https:\/\/terybery.art\/?product=zlutasek","title":{"rendered":"\u017dlu\u0165\u00e1sek"},"content":{"rendered":"<p>\u017dlut\u00fd kv\u011bt v k\u0159i\u0161\u0165\u00e1lov\u00e9 prysky\u0159ici, rozm\u011br pr\u016fm\u011br 3 cm. Kv\u011bt vys\u00edc\u00ed na voskovan\u00e9 \u0161n\u016frce v d\u00e9lce 45 cm.<\/p>\n","protected":false},"excerpt":{"rendered":"<p>\u017dlut\u00fd kv\u011bt v k\u0159i\u0161\u0165\u00e1lov\u00e9 prysky\u0159ici, rozm\u011br pr\u016fm\u011br 3 cm. Kv\u011bt vys\u00edc\u00ed na voskovan\u00e9 \u0161n\u016frce v &hellip; <\/p>\n","protected":false},"featured_media":353,"template":"","meta":[],"product_brand":[],"product_cat":[23],"product_tag":[],"class_list":{"0":"post-366","1":"product","2":"type-product","3":"status-publish","4":"has-post-thumbnail","6":"product_cat-nahrdelniky","7":"latest_post","9":"first","10":"instock","11":"shipping-taxable","12":"purchasable","13":"product-type-simple"},"_links":{"self":[{"href":"https:\/\/terybery.art\/index.php?rest_route=\/wp\/v2\/product\/366","targetHints":{"allow":["GET"]}}],"collection":[{"href":"https:\/\/terybery.art\/index.php?rest_route=\/wp\/v2\/product"}],"about":[{"href":"https:\/\/terybery.art\/index.php?rest_route=\/wp\/v2\/types\/product"}],"wp:featuredmedia":[{"embeddable":true,"href":"https:\/\/terybery.art\/index.php?rest_route=\/wp\/v2\/media\/353"}],"wp:attachment":[{"href":"https:\/\/terybery.art\/index.php?rest_route=%2Fwp%2Fv2%2Fmedia&parent=366"}],"wp:term":[{"taxonomy":"product_brand","embeddable":true,"href":"https:\/\/terybery.art\/index.php?rest_route=%2Fwp%2Fv2%2Fproduct_brand&post=366"},{"taxonomy":"product_cat","embeddable":true,"href":"https:\/\/terybery.art\/index.php?rest_route=%2Fwp%2Fv2%2Fproduct_cat&post=366"},{"taxonomy":"product_tag","embeddable":true,"href":"https:\/\/terybery.art\/index.php?rest_route=%2Fwp%2Fv2%2Fproduct_tag&post=366"}],"curies":[{"name":"wp","href":"https:\/\/api.w.org\/{rel}","templated":true}]}}