{"id":475,"date":"2024-11-16T08:04:36","date_gmt":"2024-11-16T07:04:36","guid":{"rendered":"https:\/\/terybery.art\/?post_type=product&#038;p=475"},"modified":"2025-11-09T11:03:37","modified_gmt":"2025-11-09T10:03:37","slug":"les","status":"publish","type":"product","link":"https:\/\/terybery.art\/?product=les","title":{"rendered":"Les"},"content":{"rendered":"<p>Kv\u00e1dr pln\u00fd lesa, vyroben k\u0159i\u0161\u0165\u00e1lovou prysky\u0159ic\u00ed. Pou\u017eit\u00ed jako t\u011b\u017e\u00edtko nebo voln\u011b stoj\u00edc\u00ed dekorace. Rozm\u011br 19,5&#215;19,5 cm.<\/p>\n","protected":false},"excerpt":{"rendered":"<p>Kv\u00e1dr pln\u00fd lesa, vyroben k\u0159i\u0161\u0165\u00e1lovou prysky\u0159ic\u00ed. Pou\u017eit\u00ed jako t\u011b\u017e\u00edtko nebo voln\u011b stoj\u00edc\u00ed dekorace. Rozm\u011br 19,5&#215;19,5 &hellip; <\/p>\n","protected":false},"featured_media":476,"template":"","meta":[],"product_brand":[],"product_cat":[21],"product_tag":[],"class_list":{"0":"post-475","1":"product","2":"type-product","3":"status-publish","4":"has-post-thumbnail","6":"product_cat-dekorace","7":"latest_post","9":"first","10":"instock","11":"sale","12":"shipping-taxable","13":"purchasable","14":"product-type-simple"},"_links":{"self":[{"href":"https:\/\/terybery.art\/index.php?rest_route=\/wp\/v2\/product\/475","targetHints":{"allow":["GET"]}}],"collection":[{"href":"https:\/\/terybery.art\/index.php?rest_route=\/wp\/v2\/product"}],"about":[{"href":"https:\/\/terybery.art\/index.php?rest_route=\/wp\/v2\/types\/product"}],"wp:featuredmedia":[{"embeddable":true,"href":"https:\/\/terybery.art\/index.php?rest_route=\/wp\/v2\/media\/476"}],"wp:attachment":[{"href":"https:\/\/terybery.art\/index.php?rest_route=%2Fwp%2Fv2%2Fmedia&parent=475"}],"wp:term":[{"taxonomy":"product_brand","embeddable":true,"href":"https:\/\/terybery.art\/index.php?rest_route=%2Fwp%2Fv2%2Fproduct_brand&post=475"},{"taxonomy":"product_cat","embeddable":true,"href":"https:\/\/terybery.art\/index.php?rest_route=%2Fwp%2Fv2%2Fproduct_cat&post=475"},{"taxonomy":"product_tag","embeddable":true,"href":"https:\/\/terybery.art\/index.php?rest_route=%2Fwp%2Fv2%2Fproduct_tag&post=475"}],"curies":[{"name":"wp","href":"https:\/\/api.w.org\/{rel}","templated":true}]}}